{"id":1066,"date":"2020-08-21T05:26:56","date_gmt":"2020-08-21T05:26:56","guid":{"rendered":"https:\/\/www.babyelf.de\/?product=reer-50070-babyphone-rigi-digital-abhoersicher-strahlungsarm-nachtlicht-gegensprechfunktion"},"modified":"2026-01-28T10:17:06","modified_gmt":"2026-01-28T09:17:06","slug":"reer-50070-babyphone-rigi-digital-abhoersicher-strahlungsarm-nachtlicht-gegensprechfunktion","status":"publish","type":"product","link":"https:\/\/www.babyelf.de\/?product=reer-50070-babyphone-rigi-digital-abhoersicher-strahlungsarm-nachtlicht-gegensprechfunktion","title":{"rendered":"reer Rigi Digital Babyphone | 300 m Reichweite | Mit Nachtlicht und Gegensprechfunktion | VOX-Funktion | FHSS-Technologie | Akku- oder Netzbetrieb | Qualit\u00e4t vom Erfinder"},"content":{"rendered":"<p><!-- show up to 2 reviews by default --> <\/p>\n<h3>Produktbeschreibung<\/h3>\n<p>F\u00fcr Eltern steht die Sicherheit und das Wohlbefinden ihrer Kinder an erster Stelle. Gerade wenn man die Kleinen ins Bett gebracht hat, m\u00f6chte man zu jeder Zeit sicherstellen, dass es dem Baby gut geht. Mit dem strahlungsarmen und energiesparenden Rigi Digital Babyphone von reer bleiben Sie bis zu einer Reichweite von 300m im permanenten Kontakt zu Ihrem Kind und sind zu jeder Zeit \u00fcber sein Befinden informiert. Dank der intelligenten Ger\u00e4uschaktivierung schaltet sich das Babyphone nur ein, wenn das Kind sich durch Ger\u00e4usche bemerkbar macht. Solange keine Ger\u00e4usche empfangen werden, befinden sich die Babyeinheiten im Ruhemodus. Zudem wacht es mit einem integrierten Nachtlicht \u00fcber das schlafende Kind und verf\u00fcgt \u00fcber eine praktische Gegensprechfunktion. Dank der FHSS-Technologie wird eine st\u00f6rungsfreie Verbindung garantiert. Durch den automatisch regelm\u00e4\u00dfigen Kanalwechsel ist das Rigi Digital 100% abh\u00f6rsicher. Material: Kunststoff <\/p>\n<h3>Warnhinweise<\/h3>\n<p>Nein <\/p>\n<div data-a-expander-name=\"toggle_description\" class=\"a-row a-expander-container a-expander-extend-container\">\n<div class=\"a-expander-content a-expander-extend-content\">\n<h3>Set enth\u00e4lt:<\/h3>\n<p>1x Elterneinheit, 1x Babyeinheit, 1x USB-Netzteil, 2x USB-Ladekabel, Akkus f\u00fcr Elterneinheit. <\/p>\n<\/p><\/div>\n<p> <a href=\"void(0)\" data-action=\"a-expander-toggle\" class=\"a-expander-header a-declarative a-expander-extend-header\" data-a-expander-toggle=\"{\"><i class=\"a-icon a-icon-extender-expand\"><\/i><span class=\"a-expander-prompt\">Weitere Informationen<\/span><\/a> <\/div>\n<p>Digitales Babyphone mit 300m Reichweite, st\u00f6rungsfrei und abh\u00f6rsicher (FHSS-Funktechnologie)<br \/>\nEnergiesparend und strahlungsarm (VOX Funktion und Eco-Modus)<br \/>\nExtra sicher durch optische und akustische Reichweitenkontrolle<br \/>\nGegensprechfunktion und optische Ger\u00e4uschpegelanzeige<br \/>\nIntegriertes Nachtlicht, Netz- und Akku-Betrieb, das richtige Babyfon f\u00fcr die Baby Erstausstattung<br \/>\n<div class=\"main-cross-sell\" data-asin=\"B07CY27Z6B\">\n\n\t<div class=\"WooZone-cross-sell-loader\">\n\t\t<div>\n\t\t\t<div id=\"floatingBarsG\">\n\t\t\t\t<div class=\"blockG\" id=\"rotateG_01\"><\/div>\n\t\t\t\t<div class=\"blockG\" id=\"rotateG_02\"><\/div>\n\t\t\t\t<div class=\"blockG\" id=\"rotateG_03\"><\/div>\n\t\t\t\t<div class=\"blockG\" id=\"rotateG_04\"><\/div>\n\t\t\t\t<div class=\"blockG\" id=\"rotateG_05\"><\/div>\n\t\t\t\t<div class=\"blockG\" id=\"rotateG_06\"><\/div>\n\t\t\t\t<div class=\"blockG\" id=\"rotateG_07\"><\/div>\n\t\t\t\t<div class=\"blockG\" id=\"rotateG_08\"><\/div>\n\t\t\t<\/div>\n\t\t\t<div class=\"WooZone-cross-sell-loader-text\"><\/div>\n\t\t<\/div>\n\t<\/div>\n\n\t\t\n<\/div>\n<div style=\"clear:both;\"><\/div>\n","protected":false},"excerpt":{"rendered":"<p>Digitales Babyphone mit 300m Reichweite, st\u00f6rungsfrei und abh\u00f6rsicher (FHSS-Funktechnologie)<br \/>\nEnergiesparend und strahlungsarm (VOX Funktion und Eco-Modus)<br \/>\nExtra sicher durch optische und akustische Reichweitenkontrolle<\/p>\n","protected":false},"featured_media":1067,"comment_status":"open","ping_status":"closed","template":"","meta":{"rs_blank_template":"","rs_page_bg_color":"","slide_template_v7":""},"etheme_brands":[],"product_cat":[23],"product_tag":[],"class_list":{"0":"post-1066","1":"product","2":"type-product","3":"status-publish","4":"has-post-thumbnail","6":"product_cat-babyfon","7":"pa_brand-reer","9":"first","10":"instock","11":"sale","12":"shipping-taxable","13":"purchasable","14":"product-type-simple"},"_links":{"self":[{"href":"https:\/\/www.babyelf.de\/index.php?rest_route=\/wp\/v2\/product\/1066","targetHints":{"allow":["GET"]}}],"collection":[{"href":"https:\/\/www.babyelf.de\/index.php?rest_route=\/wp\/v2\/product"}],"about":[{"href":"https:\/\/www.babyelf.de\/index.php?rest_route=\/wp\/v2\/types\/product"}],"replies":[{"embeddable":true,"href":"https:\/\/www.babyelf.de\/index.php?rest_route=%2Fwp%2Fv2%2Fcomments&post=1066"}],"wp:featuredmedia":[{"embeddable":true,"href":"https:\/\/www.babyelf.de\/index.php?rest_route=\/wp\/v2\/media\/1067"}],"wp:attachment":[{"href":"https:\/\/www.babyelf.de\/index.php?rest_route=%2Fwp%2Fv2%2Fmedia&parent=1066"}],"wp:term":[{"taxonomy":"brand","embeddable":true,"href":"https:\/\/www.babyelf.de\/index.php?rest_route=%2Fwp%2Fv2%2Fetheme_brands&post=1066"},{"taxonomy":"product_cat","embeddable":true,"href":"https:\/\/www.babyelf.de\/index.php?rest_route=%2Fwp%2Fv2%2Fproduct_cat&post=1066"},{"taxonomy":"product_tag","embeddable":true,"href":"https:\/\/www.babyelf.de\/index.php?rest_route=%2Fwp%2Fv2%2Fproduct_tag&post=1066"}],"curies":[{"name":"wp","href":"https:\/\/api.w.org\/{rel}","templated":true}]}}