{"id":5433,"date":"2021-06-11T20:05:17","date_gmt":"2021-06-11T18:05:17","guid":{"rendered":"https:\/\/www.babyelf.de\/?page_id=5433"},"modified":"2021-06-11T20:05:17","modified_gmt":"2021-06-11T18:05:17","slug":"affiliate-info","status":"publish","type":"page","link":"https:\/\/www.babyelf.de\/?page_id=5433","title":{"rendered":"Affiliate Info"},"content":{"rendered":"\n<p>Auf dieser Website gibt es Links, die als &#8222;Affiliate-Links&#8220; definiert werden k\u00f6nnen. Dies bedeutet, dass ich m\u00f6glicherweise eine kleine Provision (f\u00fcr Sie kostenlos) erhalte, wenn Sie \u00fcber die auf dieser Website bereitgestellten Links etwas kaufen.<\/p>\n\n\n\n<p><strong>babyelf.de<\/strong> nimmt am Amazon Services LLC-Partnerprogramm teil, einem Partner-Werbeprogramm, mit dem Website-Inhaber Werbegeb\u00fchren verdienen k\u00f6nnen, indem sie Werbung schalten und auf amazon.com, audible.com und jede andere Website verlinken, mit der sie m\u00f6glicherweise verbunden sind Partnerprogramm von Amazon Service LLC.<\/p>\n\n\n\n<p>Wenn Sie hierzu Fragen haben, k\u00f6nnen Sie sich gerne an uns wenden.<\/p>\n","protected":false},"excerpt":{"rendered":"<p>Auf dieser Website gibt es Links, die als &#8222;Affiliate-Links&#8220; definiert werden k\u00f6nnen. Dies bedeutet, dass<\/p>\n","protected":false},"author":2,"featured_media":0,"parent":0,"menu_order":0,"comment_status":"closed","ping_status":"closed","template":"","meta":{"rs_blank_template":"","rs_page_bg_color":"","slide_template_v7":"","footnotes":""},"class_list":["post-5433","page","type-page","status-publish","hentry"],"_links":{"self":[{"href":"https:\/\/www.babyelf.de\/index.php?rest_route=\/wp\/v2\/pages\/5433","targetHints":{"allow":["GET"]}}],"collection":[{"href":"https:\/\/www.babyelf.de\/index.php?rest_route=\/wp\/v2\/pages"}],"about":[{"href":"https:\/\/www.babyelf.de\/index.php?rest_route=\/wp\/v2\/types\/page"}],"author":[{"embeddable":true,"href":"https:\/\/www.babyelf.de\/index.php?rest_route=\/wp\/v2\/users\/2"}],"replies":[{"embeddable":true,"href":"https:\/\/www.babyelf.de\/index.php?rest_route=%2Fwp%2Fv2%2Fcomments&post=5433"}],"version-history":[{"count":1,"href":"https:\/\/www.babyelf.de\/index.php?rest_route=\/wp\/v2\/pages\/5433\/revisions"}],"predecessor-version":[{"id":5434,"href":"https:\/\/www.babyelf.de\/index.php?rest_route=\/wp\/v2\/pages\/5433\/revisions\/5434"}],"wp:attachment":[{"href":"https:\/\/www.babyelf.de\/index.php?rest_route=%2Fwp%2Fv2%2Fmedia&parent=5433"}],"curies":[{"name":"wp","href":"https:\/\/api.w.org\/{rel}","templated":true}]}}